{"id":4551,"date":"2025-03-16T16:07:41","date_gmt":"2025-03-16T14:07:41","guid":{"rendered":"https:\/\/www.veikonlehti.fi\/tuotteet\/Ei-luokiteltu\/monstera-albo-variegata\/"},"modified":"2025-09-05T20:34:02","modified_gmt":"2025-09-05T17:34:02","slug":"monstera-albo-variegata","status":"publish","type":"product","link":"https:\/\/www.veikonlehti.fi\/en\/tuotteet\/kasvit\/monstera\/monstera-albo-variegata\/","title":{"rendered":"Monstera Deliciosa Albo Variegata"},"content":{"rendered":"","protected":false},"excerpt":{"rendered":"<p>V\u00e4h\u00e4n varttuneempi v\u00e4rivirheellinen peikonlehti 18cm ruukussa sammaltolpan kanssa. Kasvualustana mullaton aroidmix. Toimitus ja hinta sis\u00e4lt\u00e4\u00e4 sammaltuen, sek\u00e4 Orthexin\/Hammarplastin mustan Cultivate-ruukun, sek\u00e4 ruukkuun sopivan aluslautasen.<\/p>","protected":false},"featured_media":4567,"template":"","meta":{"_seopress_robots_primary_cat":"","_seopress_titles_title":"","_seopress_titles_desc":"","_seopress_robots_index":"","_uag_custom_page_level_css":"","site-sidebar-layout":"default","site-content-layout":"","ast-site-content-layout":"default","site-content-style":"default","site-sidebar-style":"default","ast-global-header-display":"","ast-banner-title-visibility":"","ast-main-header-display":"","ast-hfb-above-header-display":"","ast-hfb-below-header-display":"","ast-hfb-mobile-header-display":"","site-post-title":"","ast-breadcrumbs-content":"","ast-featured-img":"","footer-sml-layout":"","ast-disable-related-posts":"","theme-transparent-header-meta":"","adv-header-id-meta":"","stick-header-meta":"","header-above-stick-meta":"","header-main-stick-meta":"","header-below-stick-meta":"","astra-migrate-meta-layouts":"default","ast-page-background-enabled":"default","ast-page-background-meta":{"desktop":{"background-color":"var(--ast-global-color-4)","background-image":"","background-repeat":"repeat","background-position":"center center","background-size":"auto","background-attachment":"scroll","background-type":"","background-media":"","overlay-type":"","overlay-color":"","overlay-opacity":"","overlay-gradient":""},"tablet":{"background-color":"","background-image":"","background-repeat":"repeat","background-position":"center center","background-size":"auto","background-attachment":"scroll","background-type":"","background-media":"","overlay-type":"","overlay-color":"","overlay-opacity":"","overlay-gradient":""},"mobile":{"background-color":"","background-image":"","background-repeat":"repeat","background-position":"center center","background-size":"auto","background-attachment":"scroll","background-type":"","background-media":"","overlay-type":"","overlay-color":"","overlay-opacity":"","overlay-gradient":""}},"ast-content-background-meta":{"desktop":{"background-color":"var(--ast-global-color-5)","background-image":"","background-repeat":"repeat","background-position":"center center","background-size":"auto","background-attachment":"scroll","background-type":"","background-media":"","overlay-type":"","overlay-color":"","overlay-opacity":"","overlay-gradient":""},"tablet":{"background-color":"var(--ast-global-color-5)","background-image":"","background-repeat":"repeat","background-position":"center center","background-size":"auto","background-attachment":"scroll","background-type":"","background-media":"","overlay-type":"","overlay-color":"","overlay-opacity":"","overlay-gradient":""},"mobile":{"background-color":"var(--ast-global-color-5)","background-image":"","background-repeat":"repeat","background-position":"center center","background-size":"auto","background-attachment":"scroll","background-type":"","background-media":"","overlay-type":"","overlay-color":"","overlay-opacity":"","overlay-gradient":""}}},"product_brand":[],"product_cat":[222,47],"product_tag":[329,330,331,332,341,342,343,336,337,344,338,164,175,264],"class_list":{"0":"post-4551","1":"product","2":"type-product","3":"status-publish","4":"has-post-thumbnail","6":"product_cat-vanhemmat-kasvit","7":"product_cat-monstera","8":"product_tag-kasvituki-2","9":"product_tag-kiipeileva-2","10":"product_tag-koynnos-2","11":"product_tag-koynnostava-2","12":"product_tag-monstera-2","13":"product_tag-peikko-2","14":"product_tag-peikonlehti-2","15":"product_tag-roikkuva-2","16":"product_tag-sammaltolppa-2","17":"product_tag-siltsu-2","18":"product_tag-tolppa-2","19":"product_tag-amppeli","20":"product_tag-variegata","21":"product_tag-varivirheellinen","22":"desktop-align-left","23":"tablet-align-left","24":"mobile-align-left","26":"first","27":"outofstock","28":"sold-individually","29":"taxable","30":"shipping-taxable","31":"purchasable","32":"product-type-simple"},"uagb_featured_image_src":{"full":["https:\/\/www.veikonlehti.fi\/wp-content\/uploads\/Monstera_Deliciosa_Albo_Variegata_K19343.jpg",2400,1600,false],"thumbnail":["https:\/\/www.veikonlehti.fi\/wp-content\/uploads\/Monstera_Deliciosa_Albo_Variegata_K19343-150x150.jpg",150,150,true],"medium":["https:\/\/www.veikonlehti.fi\/wp-content\/uploads\/Monstera_Deliciosa_Albo_Variegata_K19343-300x200.jpg",300,200,true],"medium_large":["https:\/\/www.veikonlehti.fi\/wp-content\/uploads\/Monstera_Deliciosa_Albo_Variegata_K19343-768x512.jpg",768,512,true],"large":["https:\/\/www.veikonlehti.fi\/wp-content\/uploads\/Monstera_Deliciosa_Albo_Variegata_K19343-1024x683.jpg",1024,683,true],"1536x1536":["https:\/\/www.veikonlehti.fi\/wp-content\/uploads\/Monstera_Deliciosa_Albo_Variegata_K19343-1536x1024.jpg",1536,1024,true],"2048x2048":["https:\/\/www.veikonlehti.fi\/wp-content\/uploads\/Monstera_Deliciosa_Albo_Variegata_K19343-2048x1365.jpg",2048,1365,true],"trp-custom-language-flag":["https:\/\/www.veikonlehti.fi\/wp-content\/uploads\/Monstera_Deliciosa_Albo_Variegata_K19343-18x12.jpg",18,12,true],"mailpoet_newsletter_max":["https:\/\/www.veikonlehti.fi\/wp-content\/uploads\/Monstera_Deliciosa_Albo_Variegata_K19343-1320x880.jpg",1320,880,true],"woocommerce_thumbnail":["https:\/\/www.veikonlehti.fi\/wp-content\/uploads\/Monstera_Deliciosa_Albo_Variegata_K19343-600x600.jpg",600,600,true],"woocommerce_single":["https:\/\/www.veikonlehti.fi\/wp-content\/uploads\/Monstera_Deliciosa_Albo_Variegata_K19343-600x400.jpg",600,400,true],"woocommerce_gallery_thumbnail":["https:\/\/www.veikonlehti.fi\/wp-content\/uploads\/Monstera_Deliciosa_Albo_Variegata_K19343-100x100.jpg",100,100,true]},"uagb_author_info":{"display_name":"petteri","author_link":"https:\/\/www.veikonlehti.fi\/en\/author\/"},"uagb_comment_info":0,"uagb_excerpt":"V\u00e4h\u00e4n varttuneempi v\u00e4rivirheellinen peikonlehti 18cm ruukussa sammaltolpan kanssa. Kasvualustana mullaton aroidmix. Toimitus ja hinta sis\u00e4lt\u00e4\u00e4 sammaltuen, sek\u00e4 Orthexin\/Hammarplastin mustan Cultivate-ruukun, sek\u00e4 ruukkuun sopivan aluslautasen.","_links":{"self":[{"href":"https:\/\/www.veikonlehti.fi\/en\/wp-json\/wp\/v2\/product\/4551","targetHints":{"allow":["GET"]}}],"collection":[{"href":"https:\/\/www.veikonlehti.fi\/en\/wp-json\/wp\/v2\/product"}],"about":[{"href":"https:\/\/www.veikonlehti.fi\/en\/wp-json\/wp\/v2\/types\/product"}],"wp:featuredmedia":[{"embeddable":true,"href":"https:\/\/www.veikonlehti.fi\/en\/wp-json\/wp\/v2\/media\/4567"}],"wp:attachment":[{"href":"https:\/\/www.veikonlehti.fi\/en\/wp-json\/wp\/v2\/media?parent=4551"}],"wp:term":[{"taxonomy":"product_brand","embeddable":true,"href":"https:\/\/www.veikonlehti.fi\/en\/wp-json\/wp\/v2\/product_brand?post=4551"},{"taxonomy":"product_cat","embeddable":true,"href":"https:\/\/www.veikonlehti.fi\/en\/wp-json\/wp\/v2\/product_cat?post=4551"},{"taxonomy":"product_tag","embeddable":true,"href":"https:\/\/www.veikonlehti.fi\/en\/wp-json\/wp\/v2\/product_tag?post=4551"}],"curies":[{"name":"wp","href":"https:\/\/api.w.org\/{rel}","templated":true}]}}