{"id":4308,"date":"2025-03-06T09:45:47","date_gmt":"2025-03-06T07:45:47","guid":{"rendered":"https:\/\/www.veikonlehti.fi\/tuotteet\/Ei-luokiteltu\/euphorbia-miilii-5\/"},"modified":"2026-01-04T22:09:25","modified_gmt":"2026-01-04T20:09:25","slug":"euphorbia-miilii-5","status":"publish","type":"product","link":"https:\/\/www.veikonlehti.fi\/en\/tuotteet\/kasvit\/euphorbia\/euphorbia-miilii-5\/","title":{"rendered":"Euphorbia Miilii"},"content":{"rendered":"","protected":false},"excerpt":{"rendered":"<p>V\u00e4h\u00e4n varttuneempi piikkikruunu 12cm ruukussa. Kasvualustana mehikasvimulta. Toimitus ei sis\u00e4ll\u00e4 kuvan mustaa suojaruukkua.<\/p>","protected":false},"featured_media":4259,"template":"","meta":{"_seopress_robots_primary_cat":"","_seopress_titles_title":"","_seopress_titles_desc":"","_seopress_robots_index":"","_uag_custom_page_level_css":"","site-sidebar-layout":"default","site-content-layout":"","ast-site-content-layout":"default","site-content-style":"default","site-sidebar-style":"default","ast-global-header-display":"","ast-banner-title-visibility":"","ast-main-header-display":"","ast-hfb-above-header-display":"","ast-hfb-below-header-display":"","ast-hfb-mobile-header-display":"","site-post-title":"","ast-breadcrumbs-content":"","ast-featured-img":"","footer-sml-layout":"","ast-disable-related-posts":"","theme-transparent-header-meta":"","adv-header-id-meta":"","stick-header-meta":"","header-above-stick-meta":"","header-main-stick-meta":"","header-below-stick-meta":"","astra-migrate-meta-layouts":"default","ast-page-background-enabled":"default","ast-page-background-meta":{"desktop":{"background-color":"var(--ast-global-color-4)","background-image":"","background-repeat":"repeat","background-position":"center center","background-size":"auto","background-attachment":"scroll","background-type":"","background-media":"","overlay-type":"","overlay-color":"","overlay-opacity":"","overlay-gradient":""},"tablet":{"background-color":"","background-image":"","background-repeat":"repeat","background-position":"center center","background-size":"auto","background-attachment":"scroll","background-type":"","background-media":"","overlay-type":"","overlay-color":"","overlay-opacity":"","overlay-gradient":""},"mobile":{"background-color":"","background-image":"","background-repeat":"repeat","background-position":"center center","background-size":"auto","background-attachment":"scroll","background-type":"","background-media":"","overlay-type":"","overlay-color":"","overlay-opacity":"","overlay-gradient":""}},"ast-content-background-meta":{"desktop":{"background-color":"var(--ast-global-color-5)","background-image":"","background-repeat":"repeat","background-position":"center center","background-size":"auto","background-attachment":"scroll","background-type":"","background-media":"","overlay-type":"","overlay-color":"","overlay-opacity":"","overlay-gradient":""},"tablet":{"background-color":"var(--ast-global-color-5)","background-image":"","background-repeat":"repeat","background-position":"center center","background-size":"auto","background-attachment":"scroll","background-type":"","background-media":"","overlay-type":"","overlay-color":"","overlay-opacity":"","overlay-gradient":""},"mobile":{"background-color":"var(--ast-global-color-5)","background-image":"","background-repeat":"repeat","background-position":"center center","background-size":"auto","background-attachment":"scroll","background-type":"","background-media":"","overlay-type":"","overlay-color":"","overlay-opacity":"","overlay-gradient":""}}},"product_brand":[],"product_cat":[210,52],"product_tag":[266,282,217,147],"class_list":{"0":"post-4308","1":"product","2":"type-product","3":"status-publish","4":"has-post-thumbnail","6":"product_cat-nuoret-kasvit","7":"product_cat-euphorbia","8":"product_tag-kukkiva","9":"product_tag-multa","10":"product_tag-piikkikruunu","11":"product_tag-tyrakki","12":"desktop-align-left","13":"tablet-align-left","14":"mobile-align-left","16":"first","17":"outofstock","18":"sold-individually","19":"taxable","20":"shipping-taxable","21":"purchasable","22":"product-type-simple"},"uagb_featured_image_src":{"full":["https:\/\/www.veikonlehti.fi\/wp-content\/uploads\/Euphorbia_Miilii_K19226.jpg",1067,1600,false],"thumbnail":["https:\/\/www.veikonlehti.fi\/wp-content\/uploads\/Euphorbia_Miilii_K19226-150x150.jpg",150,150,true],"medium":["https:\/\/www.veikonlehti.fi\/wp-content\/uploads\/Euphorbia_Miilii_K19226-200x300.jpg",200,300,true],"medium_large":["https:\/\/www.veikonlehti.fi\/wp-content\/uploads\/Euphorbia_Miilii_K19226-768x1152.jpg",768,1152,true],"large":["https:\/\/www.veikonlehti.fi\/wp-content\/uploads\/Euphorbia_Miilii_K19226-683x1024.jpg",683,1024,true],"1536x1536":["https:\/\/www.veikonlehti.fi\/wp-content\/uploads\/Euphorbia_Miilii_K19226-1024x1536.jpg",1024,1536,true],"2048x2048":["https:\/\/www.veikonlehti.fi\/wp-content\/uploads\/Euphorbia_Miilii_K19226.jpg",1067,1600,false],"trp-custom-language-flag":["https:\/\/www.veikonlehti.fi\/wp-content\/uploads\/Euphorbia_Miilii_K19226-8x12.jpg",8,12,true],"mailpoet_newsletter_max":["https:\/\/www.veikonlehti.fi\/wp-content\/uploads\/Euphorbia_Miilii_K19226.jpg",1067,1600,false],"woocommerce_thumbnail":["https:\/\/www.veikonlehti.fi\/wp-content\/uploads\/Euphorbia_Miilii_K19226-600x600.jpg",600,600,true],"woocommerce_single":["https:\/\/www.veikonlehti.fi\/wp-content\/uploads\/Euphorbia_Miilii_K19226-600x900.jpg",600,900,true],"woocommerce_gallery_thumbnail":["https:\/\/www.veikonlehti.fi\/wp-content\/uploads\/Euphorbia_Miilii_K19226-100x100.jpg",100,100,true]},"uagb_author_info":{"display_name":"petteri","author_link":"https:\/\/www.veikonlehti.fi\/en\/author\/"},"uagb_comment_info":0,"uagb_excerpt":"V\u00e4h\u00e4n varttuneempi piikkikruunu 12cm ruukussa. Kasvualustana mehikasvimulta. Toimitus ei sis\u00e4ll\u00e4 kuvan mustaa suojaruukkua.","_links":{"self":[{"href":"https:\/\/www.veikonlehti.fi\/en\/wp-json\/wp\/v2\/product\/4308","targetHints":{"allow":["GET"]}}],"collection":[{"href":"https:\/\/www.veikonlehti.fi\/en\/wp-json\/wp\/v2\/product"}],"about":[{"href":"https:\/\/www.veikonlehti.fi\/en\/wp-json\/wp\/v2\/types\/product"}],"wp:featuredmedia":[{"embeddable":true,"href":"https:\/\/www.veikonlehti.fi\/en\/wp-json\/wp\/v2\/media\/4259"}],"wp:attachment":[{"href":"https:\/\/www.veikonlehti.fi\/en\/wp-json\/wp\/v2\/media?parent=4308"}],"wp:term":[{"taxonomy":"product_brand","embeddable":true,"href":"https:\/\/www.veikonlehti.fi\/en\/wp-json\/wp\/v2\/product_brand?post=4308"},{"taxonomy":"product_cat","embeddable":true,"href":"https:\/\/www.veikonlehti.fi\/en\/wp-json\/wp\/v2\/product_cat?post=4308"},{"taxonomy":"product_tag","embeddable":true,"href":"https:\/\/www.veikonlehti.fi\/en\/wp-json\/wp\/v2\/product_tag?post=4308"}],"curies":[{"name":"wp","href":"https:\/\/api.w.org\/{rel}","templated":true}]}}