{"id":3873,"date":"2024-10-15T21:40:43","date_gmt":"2024-10-15T18:40:43","guid":{"rendered":"https:\/\/www.veikonlehti.fi\/tuotteet\/Ei-luokiteltu\/monstera-deliciosa-albo-variegata\/"},"modified":"2025-03-16T11:32:10","modified_gmt":"2025-03-16T09:32:10","slug":"monstera-deliciosa-albo-variegata","status":"publish","type":"product","link":"https:\/\/www.veikonlehti.fi\/en\/tuotteet\/kasvit\/monstera\/monstera-deliciosa-albo-variegata\/","title":{"rendered":"Monstera Deliciosa Albo Variegata"},"content":{"rendered":"","protected":false},"excerpt":{"rendered":"<p>V\u00e4rivirheellisen peikonlehden latvapistokas juurrutettuna 14cm ruukkuun. T\u00e4ss\u00e4 pieni lehtivaurio yhden lehden valkeassa osassa, tummunut juurrutuksen aikana. Kasvualustana mullaton aroidmix.  Toimitus ja hinta sis\u00e4lt\u00e4\u00e4 Orthexin\/Hammarplastin mustan Cultivate-ruukun, sek\u00e4 ruukkuun sopivan aluslautasen. <\/p>","protected":false},"featured_media":3826,"template":"","meta":{"_seopress_robots_primary_cat":"","_seopress_titles_title":"","_seopress_titles_desc":"","_seopress_robots_index":"","_uag_custom_page_level_css":"","site-sidebar-layout":"default","site-content-layout":"","ast-site-content-layout":"default","site-content-style":"default","site-sidebar-style":"default","ast-global-header-display":"","ast-banner-title-visibility":"","ast-main-header-display":"","ast-hfb-above-header-display":"","ast-hfb-below-header-display":"","ast-hfb-mobile-header-display":"","site-post-title":"","ast-breadcrumbs-content":"","ast-featured-img":"","footer-sml-layout":"","ast-disable-related-posts":"","theme-transparent-header-meta":"","adv-header-id-meta":"","stick-header-meta":"","header-above-stick-meta":"","header-main-stick-meta":"","header-below-stick-meta":"","astra-migrate-meta-layouts":"default","ast-page-background-enabled":"default","ast-page-background-meta":{"desktop":{"background-color":"var(--ast-global-color-4)","background-image":"","background-repeat":"repeat","background-position":"center center","background-size":"auto","background-attachment":"scroll","background-type":"","background-media":"","overlay-type":"","overlay-color":"","overlay-opacity":"","overlay-gradient":""},"tablet":{"background-color":"","background-image":"","background-repeat":"repeat","background-position":"center center","background-size":"auto","background-attachment":"scroll","background-type":"","background-media":"","overlay-type":"","overlay-color":"","overlay-opacity":"","overlay-gradient":""},"mobile":{"background-color":"","background-image":"","background-repeat":"repeat","background-position":"center center","background-size":"auto","background-attachment":"scroll","background-type":"","background-media":"","overlay-type":"","overlay-color":"","overlay-opacity":"","overlay-gradient":""}},"ast-content-background-meta":{"desktop":{"background-color":"var(--ast-global-color-5)","background-image":"","background-repeat":"repeat","background-position":"center center","background-size":"auto","background-attachment":"scroll","background-type":"","background-media":"","overlay-type":"","overlay-color":"","overlay-opacity":"","overlay-gradient":""},"tablet":{"background-color":"var(--ast-global-color-5)","background-image":"","background-repeat":"repeat","background-position":"center center","background-size":"auto","background-attachment":"scroll","background-type":"","background-media":"","overlay-type":"","overlay-color":"","overlay-opacity":"","overlay-gradient":""},"mobile":{"background-color":"var(--ast-global-color-5)","background-image":"","background-repeat":"repeat","background-position":"center center","background-size":"auto","background-attachment":"scroll","background-type":"","background-media":"","overlay-type":"","overlay-color":"","overlay-opacity":"","overlay-gradient":""}}},"product_brand":[],"product_cat":[210,47],"product_tag":[164,262,178,163,263,53,218,220,179,261,285,260],"class_list":{"0":"post-3873","1":"product","2":"type-product","3":"status-publish","4":"has-post-thumbnail","6":"product_cat-nuoret-kasvit","7":"product_cat-monstera","8":"product_tag-amppeli","9":"product_tag-kasvituki","10":"product_tag-kiipeileva","11":"product_tag-koynnos","12":"product_tag-koynnostava","13":"product_tag-monstera","14":"product_tag-peikko","15":"product_tag-peikonlehti","16":"product_tag-roikkuva","17":"product_tag-sammaltolppa","18":"product_tag-siltsu","19":"product_tag-tolppa","20":"desktop-align-left","21":"tablet-align-left","22":"mobile-align-left","24":"first","25":"outofstock","26":"sold-individually","27":"taxable","28":"shipping-taxable","29":"purchasable","30":"product-type-simple"},"uagb_featured_image_src":{"full":["https:\/\/www.veikonlehti.fi\/wp-content\/uploads\/Monstera_Deliciosa_Albo_Variegata_K19133.jpg",2400,1600,false],"thumbnail":["https:\/\/www.veikonlehti.fi\/wp-content\/uploads\/Monstera_Deliciosa_Albo_Variegata_K19133-150x150.jpg",150,150,true],"medium":["https:\/\/www.veikonlehti.fi\/wp-content\/uploads\/Monstera_Deliciosa_Albo_Variegata_K19133-300x200.jpg",300,200,true],"medium_large":["https:\/\/www.veikonlehti.fi\/wp-content\/uploads\/Monstera_Deliciosa_Albo_Variegata_K19133-768x512.jpg",768,512,true],"large":["https:\/\/www.veikonlehti.fi\/wp-content\/uploads\/Monstera_Deliciosa_Albo_Variegata_K19133-1024x683.jpg",1024,683,true],"1536x1536":["https:\/\/www.veikonlehti.fi\/wp-content\/uploads\/Monstera_Deliciosa_Albo_Variegata_K19133-1536x1024.jpg",1536,1024,true],"2048x2048":["https:\/\/www.veikonlehti.fi\/wp-content\/uploads\/Monstera_Deliciosa_Albo_Variegata_K19133-2048x1365.jpg",2048,1365,true],"trp-custom-language-flag":["https:\/\/www.veikonlehti.fi\/wp-content\/uploads\/Monstera_Deliciosa_Albo_Variegata_K19133-18x12.jpg",18,12,true],"mailpoet_newsletter_max":["https:\/\/www.veikonlehti.fi\/wp-content\/uploads\/Monstera_Deliciosa_Albo_Variegata_K19133-1320x880.jpg",1320,880,true],"woocommerce_thumbnail":["https:\/\/www.veikonlehti.fi\/wp-content\/uploads\/Monstera_Deliciosa_Albo_Variegata_K19133-600x600.jpg",600,600,true],"woocommerce_single":["https:\/\/www.veikonlehti.fi\/wp-content\/uploads\/Monstera_Deliciosa_Albo_Variegata_K19133-600x400.jpg",600,400,true],"woocommerce_gallery_thumbnail":["https:\/\/www.veikonlehti.fi\/wp-content\/uploads\/Monstera_Deliciosa_Albo_Variegata_K19133-100x100.jpg",100,100,true]},"uagb_author_info":{"display_name":"petteri","author_link":"https:\/\/www.veikonlehti.fi\/en\/author\/"},"uagb_comment_info":0,"uagb_excerpt":"V\u00e4rivirheellisen peikonlehden latvapistokas juurrutettuna 14cm ruukkuun. T\u00e4ss\u00e4 pieni lehtivaurio yhden lehden valkeassa osassa, tummunut juurrutuksen aikana. Kasvualustana mullaton aroidmix. Toimitus ja hinta sis\u00e4lt\u00e4\u00e4 Orthexin\/Hammarplastin mustan Cultivate-ruukun, sek\u00e4 ruukkuun sopivan aluslautasen.","_links":{"self":[{"href":"https:\/\/www.veikonlehti.fi\/en\/wp-json\/wp\/v2\/product\/3873","targetHints":{"allow":["GET"]}}],"collection":[{"href":"https:\/\/www.veikonlehti.fi\/en\/wp-json\/wp\/v2\/product"}],"about":[{"href":"https:\/\/www.veikonlehti.fi\/en\/wp-json\/wp\/v2\/types\/product"}],"wp:featuredmedia":[{"embeddable":true,"href":"https:\/\/www.veikonlehti.fi\/en\/wp-json\/wp\/v2\/media\/3826"}],"wp:attachment":[{"href":"https:\/\/www.veikonlehti.fi\/en\/wp-json\/wp\/v2\/media?parent=3873"}],"wp:term":[{"taxonomy":"product_brand","embeddable":true,"href":"https:\/\/www.veikonlehti.fi\/en\/wp-json\/wp\/v2\/product_brand?post=3873"},{"taxonomy":"product_cat","embeddable":true,"href":"https:\/\/www.veikonlehti.fi\/en\/wp-json\/wp\/v2\/product_cat?post=3873"},{"taxonomy":"product_tag","embeddable":true,"href":"https:\/\/www.veikonlehti.fi\/en\/wp-json\/wp\/v2\/product_tag?post=3873"}],"curies":[{"name":"wp","href":"https:\/\/api.w.org\/{rel}","templated":true}]}}