{"id":3503,"date":"2024-07-10T17:23:23","date_gmt":"2024-07-10T14:23:23","guid":{"rendered":"https:\/\/www.veikonlehti.fi\/?post_type=product&#038;p=3503"},"modified":"2025-06-16T09:13:28","modified_gmt":"2025-06-16T06:13:28","slug":"kasvualusta-2l","status":"publish","type":"product","link":"https:\/\/www.veikonlehti.fi\/en\/tuotteet\/muut-tuotteet\/kasvupohjat\/kasvualusta-2l\/","title":{"rendered":"Kasvualusta 2l"},"content":{"rendered":"","protected":false},"excerpt":{"rendered":"<p>Itse k\u00e4sin sekoitettu\u00a0 mullaton aroidmix. T\u00e4m\u00e4 kasvupohja sopii mainiosti vehkakasveille ja posliinikukille. Pysyy ilmavana m\u00e4rk\u00e4n\u00e4kin ja kuivaa tasaisesti. K\u00e4ytt\u00e4m\u00e4ni biohiili on ladattu lannoitteella ja EM-Active mikrobiliuoksella. Kuten muitakin mullattomia kasvupohjia t\u00e4t\u00e4 kasvupohjaa kannattaa lannoittaa jopa joka kastelulla.<\/p>\n<p>Kasvupohja on valmistettu kookoskuidusta ja -hakkeesta, m\u00e4nnyn kaarnasta, perliitist\u00e4, lekasorasta ja lannotteilla ja mikrobiliuoksella ladatusta biohiilest\u00e4.<\/p>","protected":false},"featured_media":3497,"template":"","meta":{"_seopress_robots_primary_cat":"none","_seopress_titles_title":"","_seopress_titles_desc":"","_seopress_robots_index":"","_uag_custom_page_level_css":"","site-sidebar-layout":"default","site-content-layout":"","ast-site-content-layout":"default","site-content-style":"default","site-sidebar-style":"default","ast-global-header-display":"","ast-banner-title-visibility":"","ast-main-header-display":"","ast-hfb-above-header-display":"","ast-hfb-below-header-display":"","ast-hfb-mobile-header-display":"","site-post-title":"","ast-breadcrumbs-content":"","ast-featured-img":"","footer-sml-layout":"","ast-disable-related-posts":"","theme-transparent-header-meta":"default","adv-header-id-meta":"","stick-header-meta":"","header-above-stick-meta":"","header-main-stick-meta":"","header-below-stick-meta":"","astra-migrate-meta-layouts":"set","ast-page-background-enabled":"default","ast-page-background-meta":{"desktop":{"background-color":"var(--ast-global-color-4)","background-image":"","background-repeat":"repeat","background-position":"center center","background-size":"auto","background-attachment":"scroll","background-type":"","background-media":"","overlay-type":"","overlay-color":"","overlay-opacity":"","overlay-gradient":""},"tablet":{"background-color":"","background-image":"","background-repeat":"repeat","background-position":"center center","background-size":"auto","background-attachment":"scroll","background-type":"","background-media":"","overlay-type":"","overlay-color":"","overlay-opacity":"","overlay-gradient":""},"mobile":{"background-color":"","background-image":"","background-repeat":"repeat","background-position":"center center","background-size":"auto","background-attachment":"scroll","background-type":"","background-media":"","overlay-type":"","overlay-color":"","overlay-opacity":"","overlay-gradient":""}},"ast-content-background-meta":{"desktop":{"background-color":"var(--ast-global-color-5)","background-image":"","background-repeat":"repeat","background-position":"center center","background-size":"auto","background-attachment":"scroll","background-type":"","background-media":"","overlay-type":"","overlay-color":"","overlay-opacity":"","overlay-gradient":""},"tablet":{"background-color":"var(--ast-global-color-5)","background-image":"","background-repeat":"repeat","background-position":"center center","background-size":"auto","background-attachment":"scroll","background-type":"","background-media":"","overlay-type":"","overlay-color":"","overlay-opacity":"","overlay-gradient":""},"mobile":{"background-color":"var(--ast-global-color-5)","background-image":"","background-repeat":"repeat","background-position":"center center","background-size":"auto","background-attachment":"scroll","background-type":"","background-media":"","overlay-type":"","overlay-color":"","overlay-opacity":"","overlay-gradient":""}}},"product_brand":[],"product_cat":[194],"product_tag":[295,294,292,293],"class_list":{"0":"post-3503","1":"product","2":"type-product","3":"status-publish","4":"has-post-thumbnail","6":"product_cat-kasvupohjat","7":"product_tag-aroidmix","8":"product_tag-kapo","9":"product_tag-kasvupohja","10":"product_tag-mullaton-kasvupohja","11":"desktop-align-left","12":"tablet-align-left","13":"mobile-align-left","15":"first","16":"outofstock","17":"taxable","18":"shipping-taxable","19":"purchasable","20":"product-type-simple"},"uagb_featured_image_src":{"full":["https:\/\/www.veikonlehti.fi\/wp-content\/uploads\/Kasvualusta_Aroid_Mix.jpg",2400,1600,false],"thumbnail":["https:\/\/www.veikonlehti.fi\/wp-content\/uploads\/Kasvualusta_Aroid_Mix-150x150.jpg",150,150,true],"medium":["https:\/\/www.veikonlehti.fi\/wp-content\/uploads\/Kasvualusta_Aroid_Mix-300x200.jpg",300,200,true],"medium_large":["https:\/\/www.veikonlehti.fi\/wp-content\/uploads\/Kasvualusta_Aroid_Mix-768x512.jpg",768,512,true],"large":["https:\/\/www.veikonlehti.fi\/wp-content\/uploads\/Kasvualusta_Aroid_Mix-1024x683.jpg",1024,683,true],"1536x1536":["https:\/\/www.veikonlehti.fi\/wp-content\/uploads\/Kasvualusta_Aroid_Mix-1536x1024.jpg",1536,1024,true],"2048x2048":["https:\/\/www.veikonlehti.fi\/wp-content\/uploads\/Kasvualusta_Aroid_Mix-2048x1365.jpg",2048,1365,true],"trp-custom-language-flag":["https:\/\/www.veikonlehti.fi\/wp-content\/uploads\/Kasvualusta_Aroid_Mix-18x12.jpg",18,12,true],"mailpoet_newsletter_max":["https:\/\/www.veikonlehti.fi\/wp-content\/uploads\/Kasvualusta_Aroid_Mix-1320x880.jpg",1320,880,true],"woocommerce_thumbnail":["https:\/\/www.veikonlehti.fi\/wp-content\/uploads\/Kasvualusta_Aroid_Mix-600x600.jpg",600,600,true],"woocommerce_single":["https:\/\/www.veikonlehti.fi\/wp-content\/uploads\/Kasvualusta_Aroid_Mix-600x400.jpg",600,400,true],"woocommerce_gallery_thumbnail":["https:\/\/www.veikonlehti.fi\/wp-content\/uploads\/Kasvualusta_Aroid_Mix-100x100.jpg",100,100,true]},"uagb_author_info":{"display_name":"miska","author_link":"https:\/\/www.veikonlehti.fi\/en\/author\/"},"uagb_comment_info":0,"uagb_excerpt":"Itse k\u00e4sin sekoitettu\u00a0 mullaton aroidmix. T\u00e4m\u00e4 kasvupohja sopii mainiosti vehkakasveille ja posliinikukille. Pysyy ilmavana m\u00e4rk\u00e4n\u00e4kin ja kuivaa tasaisesti. K\u00e4ytt\u00e4m\u00e4ni biohiili on ladattu lannoitteella ja EM-Active mikrobiliuoksella. Kuten muitakin mullattomia kasvupohjia t\u00e4t\u00e4 kasvupohjaa kannattaa lannoittaa jopa joka kastelulla. Kasvupohja on valmistettu kookoskuidusta ja -hakkeesta, m\u00e4nnyn kaarnasta, perliitist\u00e4, lekasorasta ja lannotteilla ja mikrobiliuoksella ladatusta biohiilest\u00e4.","_links":{"self":[{"href":"https:\/\/www.veikonlehti.fi\/en\/wp-json\/wp\/v2\/product\/3503","targetHints":{"allow":["GET"]}}],"collection":[{"href":"https:\/\/www.veikonlehti.fi\/en\/wp-json\/wp\/v2\/product"}],"about":[{"href":"https:\/\/www.veikonlehti.fi\/en\/wp-json\/wp\/v2\/types\/product"}],"wp:featuredmedia":[{"embeddable":true,"href":"https:\/\/www.veikonlehti.fi\/en\/wp-json\/wp\/v2\/media\/3497"}],"wp:attachment":[{"href":"https:\/\/www.veikonlehti.fi\/en\/wp-json\/wp\/v2\/media?parent=3503"}],"wp:term":[{"taxonomy":"product_brand","embeddable":true,"href":"https:\/\/www.veikonlehti.fi\/en\/wp-json\/wp\/v2\/product_brand?post=3503"},{"taxonomy":"product_cat","embeddable":true,"href":"https:\/\/www.veikonlehti.fi\/en\/wp-json\/wp\/v2\/product_cat?post=3503"},{"taxonomy":"product_tag","embeddable":true,"href":"https:\/\/www.veikonlehti.fi\/en\/wp-json\/wp\/v2\/product_tag?post=3503"}],"curies":[{"name":"wp","href":"https:\/\/api.w.org\/{rel}","templated":true}]}}